{"id":1394,"date":"2023-02-20T11:12:46","date_gmt":"2023-02-20T11:12:46","guid":{"rendered":"https:\/\/iliriafragrance.com\/?post_type=product&#038;p=1394"},"modified":"2024-12-28T11:33:55","modified_gmt":"2024-12-28T11:33:55","slug":"fondants-tablettes","status":"publish","type":"product","link":"https:\/\/iliriafragrance.com\/index.php\/produit\/fondants-tablettes\/","title":{"rendered":"Fondant parfum\u00e9 tablette"},"content":{"rendered":"","protected":false},"excerpt":{"rendered":"<p>Nos fondants parfum\u00e9s tablettes sauront sublimer votre int\u00e9rieur, avec leur douce et magnifique senteur !<\/p>\n<p>Entre 9 \u00e0 12h de diffusion.<\/p>\n<p>Fabriqu\u00e9 en France.<br \/>\nCire de colza 100% v\u00e9g\u00e9tale.<br \/>\nHuile parfum\u00e9e de Grasse.<\/p>\n","protected":false},"featured_media":1399,"comment_status":"open","ping_status":"closed","template":"","meta":{"site-sidebar-layout":"default","site-content-layout":"default","ast-global-header-display":"","ast-main-header-display":"","ast-hfb-above-header-display":"","ast-hfb-below-header-display":"","ast-hfb-mobile-header-display":"","site-post-title":"","ast-breadcrumbs-content":"","ast-featured-img":"","footer-sml-layout":"","theme-transparent-header-meta":"default","adv-header-id-meta":"","stick-header-meta":"","header-above-stick-meta":"","header-main-stick-meta":"","header-below-stick-meta":""},"product_brand":[],"product_cat":[36],"product_tag":[],"class_list":{"0":"post-1394","1":"product","2":"type-product","3":"status-publish","4":"has-post-thumbnail","6":"product_cat-fondants-parfumes","7":"desktop-align-left","8":"tablet-align-left","9":"mobile-align-left","11":"first","12":"outofstock","13":"shipping-taxable","14":"purchasable","15":"product-type-variable"},"jetpack_sharing_enabled":true,"_links":{"self":[{"href":"https:\/\/iliriafragrance.com\/index.php\/wp-json\/wp\/v2\/product\/1394","targetHints":{"allow":["GET"]}}],"collection":[{"href":"https:\/\/iliriafragrance.com\/index.php\/wp-json\/wp\/v2\/product"}],"about":[{"href":"https:\/\/iliriafragrance.com\/index.php\/wp-json\/wp\/v2\/types\/product"}],"replies":[{"embeddable":true,"href":"https:\/\/iliriafragrance.com\/index.php\/wp-json\/wp\/v2\/comments?post=1394"}],"version-history":[{"count":3,"href":"https:\/\/iliriafragrance.com\/index.php\/wp-json\/wp\/v2\/product\/1394\/revisions"}],"predecessor-version":[{"id":1515,"href":"https:\/\/iliriafragrance.com\/index.php\/wp-json\/wp\/v2\/product\/1394\/revisions\/1515"}],"wp:featuredmedia":[{"embeddable":true,"href":"https:\/\/iliriafragrance.com\/index.php\/wp-json\/wp\/v2\/media\/1399"}],"wp:attachment":[{"href":"https:\/\/iliriafragrance.com\/index.php\/wp-json\/wp\/v2\/media?parent=1394"}],"wp:term":[{"taxonomy":"product_brand","embeddable":true,"href":"https:\/\/iliriafragrance.com\/index.php\/wp-json\/wp\/v2\/product_brand?post=1394"},{"taxonomy":"product_cat","embeddable":true,"href":"https:\/\/iliriafragrance.com\/index.php\/wp-json\/wp\/v2\/product_cat?post=1394"},{"taxonomy":"product_tag","embeddable":true,"href":"https:\/\/iliriafragrance.com\/index.php\/wp-json\/wp\/v2\/product_tag?post=1394"}],"curies":[{"name":"wp","href":"https:\/\/api.w.org\/{rel}","templated":true}]}}