{"id":1535,"date":"2023-02-21T12:34:47","date_gmt":"2023-02-21T12:34:47","guid":{"rendered":"https:\/\/iliriafragrance.com\/?page_id=1535"},"modified":"2023-02-21T12:37:28","modified_gmt":"2023-02-21T12:37:28","slug":"conditions-generales-de-vente","status":"publish","type":"page","link":"https:\/\/iliriafragrance.com\/index.php\/conditions-generales-de-vente\/","title":{"rendered":"Conditions G\u00e9n\u00e9rales de Vente"},"content":{"rendered":"\t\t<div data-elementor-type=\"wp-page\" data-elementor-id=\"1535\" class=\"elementor elementor-1535\">\n\t\t\t\t\t\t<section class=\"elementor-section elementor-top-section elementor-element elementor-element-763e51a elementor-section-boxed elementor-section-height-default elementor-section-height-default\" data-id=\"763e51a\" data-element_type=\"section\" data-e-type=\"section\">\n\t\t\t\t\t\t<div class=\"elementor-container elementor-column-gap-default\">\n\t\t\t\t\t<div class=\"elementor-column elementor-col-100 elementor-top-column elementor-element elementor-element-a9b15f2\" data-id=\"a9b15f2\" data-element_type=\"column\" data-e-type=\"column\">\n\t\t\t<div class=\"elementor-widget-wrap elementor-element-populated\">\n\t\t\t\t\t\t<div class=\"elementor-element elementor-element-3edf7d7 elementor-widget elementor-widget-text-editor\" data-id=\"3edf7d7\" data-element_type=\"widget\" data-e-type=\"widget\" data-widget_type=\"text-editor.default\">\n\t\t\t\t<div class=\"elementor-widget-container\">\n\t\t\t\t\t\t\t\t\t<section class=\"elementor-section elementor-top-section elementor-element elementor-element-db2f57c elementor-section-boxed elementor-section-height-default elementor-section-height-default\" data-id=\"db2f57c\" data-element_type=\"section\"><div class=\"elementor-container elementor-column-gap-default\"><div class=\"elementor-column elementor-col-100 elementor-top-column elementor-element elementor-element-929eafb\" data-id=\"929eafb\" data-element_type=\"column\"><div class=\"elementor-widget-wrap elementor-element-populated\"><div class=\"elementor-element elementor-element-d9f1cfe elementor-widget elementor-widget-heading\" data-id=\"d9f1cfe\" data-element_type=\"widget\" data-widget_type=\"heading.default\"><div class=\"elementor-widget-container\"><h2 class=\"elementor-heading-title elementor-size-default\">Conditions G\u00e9nerales de Vente<\/h2><\/div><\/div><\/div><\/div><\/div><\/section><section class=\"elementor-section elementor-top-section elementor-element elementor-element-44226c9 elementor-section-boxed elementor-section-height-default elementor-section-height-default\" data-id=\"44226c9\" data-element_type=\"section\"><div class=\"elementor-container elementor-column-gap-default\"><div class=\"elementor-column elementor-col-100 elementor-top-column elementor-element elementor-element-825a584\" data-id=\"825a584\" data-element_type=\"column\"><div class=\"elementor-widget-wrap elementor-element-populated\"><div class=\"elementor-element elementor-element-7a5dff4 elementor-widget elementor-widget-spacer\" data-id=\"7a5dff4\" data-element_type=\"widget\" data-widget_type=\"spacer.default\"><div class=\"elementor-widget-container\"><div class=\"elementor-spacer\"><div class=\"elementor-spacer-inner\">\u00a0<\/div><\/div><\/div><\/div><\/div><\/div><\/div><\/section><section class=\"elementor-section elementor-top-section elementor-element elementor-element-3763d2c elementor-section-boxed elementor-section-height-default elementor-section-height-default\" data-id=\"3763d2c\" data-element_type=\"section\"><div class=\"elementor-container elementor-column-gap-default\"><div class=\"elementor-column elementor-col-100 elementor-top-column elementor-element elementor-element-cc1559a\" data-id=\"cc1559a\" data-element_type=\"column\"><div class=\"elementor-widget-wrap elementor-element-populated\"><div class=\"elementor-element elementor-element-8d8f7c4 elementor-widget elementor-widget-text-editor\" data-id=\"8d8f7c4\" data-element_type=\"widget\" data-widget_type=\"text-editor.default\"><div class=\"elementor-widget-container\"><h3>Clause n\u00b0 1 : Objet<\/h3><p>Les conditions g\u00e9n\u00e9rales de vente d\u00e9crites ci-apr\u00e8s d\u00e9taillent les droits et obligations de la soci\u00e9t\u00e9 Iliria Fragance, Entreprise individuelle et de son client dans le cadre de la vente des marchandises suivantes : vente et cr\u00e9ation de v\u00eatement.<br \/>Toute prestation accomplie par la\u00a0soci\u00e9t\u00e9 Iliria Fragance, Entreprise individuelle, implique donc l\u2019adh\u00e9sion sans r\u00e9serve de l\u2019acheteur aux pr\u00e9sentes conditions g\u00e9n\u00e9rales de vente.<\/p><h3>Clause n\u00b0 2 : Prix<\/h3><p>Les prix des marchandises vendues sont ceux en vigueur au jour de la prise de commande. Ils sont libell\u00e9s en euros et calcul\u00e9s avec taxes. Par voie de cons\u00e9quence, ils seront major\u00e9s des frais de transport applicables au jour de la commande.<br \/>La soci\u00e9t\u00e9 Iliria Fragance, Entreprise individuelle, s\u2019accorde le droit de modifier ses tarifs \u00e0 tout moment. Toutefois, elle s\u2019engage \u00e0 facturer les marchandises command\u00e9es aux prix indiqu\u00e9s lors de l\u2019enregistrement de la commande.<\/p><h3>Clause n\u00b0 3 : Rabais et ristournes<\/h3><p>Les tarifs propos\u00e9s comprennent les rabais et ristournes que la soci\u00e9t\u00e9 Iliria Fragance, Entreprise individuelle, serait amen\u00e9e \u00e0 octroyer compte tenu de ses r\u00e9sultats ou de la prise en charge par l\u2019acheteur de certaines prestations.<\/p><h3>Clause n\u00b0 4 : Escompte<\/h3><p>Aucun escompte ne sera consenti en cas de paiement anticip\u00e9.<\/p><h3>Clause n\u00b0 5 : Modalit\u00e9s de paiement<\/h3><p>Le r\u00e8glement des commandes s\u2019effectue :<\/p><ul><li>par carte bancaire<\/li><li>par paypal<\/li><li>par apple pay<\/li><li>par google pay<\/li><\/ul><p>Lorsque\u00a0l\u2019acheteur\u00a0passera la commande, il devra verser l\u2019int\u00e9gralit\u00e9 du montant global de la facture.<\/p><h3>Clause n\u00b0 6 : Clause de r\u00e9serve de propri\u00e9t\u00e9<\/h3><p>La soci\u00e9t\u00e9 Iliria Fragance, Entreprise individuelle, conserve la propri\u00e9t\u00e9 des biens vendus jusqu\u2019au paiement int\u00e9gral du prix, en principal et en accessoires. \u00c0 ce titre, si l\u2019acheteur fait l\u2019objet d\u2019un redressement ou d\u2019une liquidation judiciaire, la soci\u00e9t\u00e9 Iliria Fragance, Entreprise individuelle, se r\u00e9serve le droit de revendiquer, dans le cadre de la proc\u00e9dure collective, les marchandises vendues et rest\u00e9es impay\u00e9es.<\/p><h3>Clause n\u00b0 7 : Livraison<\/h3><p>La livraison est effectu\u00e9e :<\/p><ul><li>soit par la remise directe de la marchandise \u00e0 l\u2019acheteur ;<\/li><li>soit par l\u2019envoi d\u2019un avis de mise \u00e0 disposition en magasin \u00e0 l\u2019attention de l\u2019acheteur ;<\/li><li>soit au lieu indiqu\u00e9 par l\u2019acheteur.<\/li><\/ul><p>Le d\u00e9lai de livraison indiqu\u00e9 lors de l\u2019enregistrement de la commande n\u2019est donn\u00e9 qu\u2019\u00e0 titre indicatif et n\u2019est aucunement garanti. Par voie de cons\u00e9quence, tout retard dans la livraison des produits ne pourra pas donner lieu au profit de l\u2019acheteur \u00e0 :<\/p><ul><li>l\u2019allocation de dommages et int\u00e9r\u00eats ;<\/li><li>l\u2019annulation de la commande.<\/li><\/ul><p>Le risque du transport est support\u00e9 en totalit\u00e9 par l\u2019acheteur.<br \/>En cas de marchandises manquantes ou d\u00e9t\u00e9rior\u00e9es lors du transport, l\u2019acheteur devra formuler toutes les r\u00e9serves n\u00e9cessaires sur le bon de commande \u00e0 r\u00e9ception desdites marchandises. Ces r\u00e9serves devront \u00eatre, en outre, confirm\u00e9es par \u00e9crit dans les cinq jours suivant la livraison, par courrier recommand\u00e9 AR.<\/p><h3>Clause n\u00b0 8 : Force majeure<\/h3><p>La responsabilit\u00e9 de la soci\u00e9t\u00e9 Iliria Fragance, Entreprise individuelle, ne pourra pas \u00eatre mise en oeuvre si la non-ex\u00e9cution ou le retard dans l\u2019ex\u00e9cution de l\u2019une de ses obligations d\u00e9crites dans les pr\u00e9sentes conditions g\u00e9n\u00e9rales de vente d\u00e9coule d\u2019un cas de force majeure. \u00c0 ce titre, la force majeure s\u2019entend de tout \u00e9v\u00e9nement ext\u00e9rieur, impr\u00e9visible et irr\u00e9sistible au sens de l\u2019article 1148 du Code civil.<\/p><h3>Clause n\u00b0 9 : Tribunal comp\u00e9tent<\/h3><p>Tout litige relatif \u00e0 l\u2019interpr\u00e9tation et \u00e0 l\u2019ex\u00e9cution des pr\u00e9sentes conditions g\u00e9n\u00e9rales de vente est soumis au droit Fran\u00e7ais.<\/p><p>\u00c0 d\u00e9faut de r\u00e9solution amiable, le litige sera port\u00e9 devant le Tribunal de commerce de Paris.<\/p><p>Fait \u00e0 Toulouse, le 21\/02\/2023<\/p><\/div><\/div><\/div><\/div><\/div><\/section>\t\t\t\t\t\t\t\t<\/div>\n\t\t\t\t<\/div>\n\t\t\t\t\t<\/div>\n\t\t<\/div>\n\t\t\t\t\t<\/div>\n\t\t<\/section>\n\t\t\t\t<\/div>\n\t\t","protected":false},"excerpt":{"rendered":"<p>Conditions G\u00e9nerales de Vente \u00a0 Clause n\u00b0 1 : Objet Les conditions g\u00e9n\u00e9rales de vente d\u00e9crites ci-apr\u00e8s d\u00e9taillent les droits et obligations de la soci\u00e9t\u00e9 Iliria Fragance, Entreprise individuelle et de son client dans le cadre de la vente des marchandises suivantes : vente et cr\u00e9ation de v\u00eatement.Toute prestation accomplie par la\u00a0soci\u00e9t\u00e9 Iliria Fragance, Entreprise &hellip;<\/p>\n<p class=\"read-more\"> <a class=\"\" href=\"https:\/\/iliriafragrance.com\/index.php\/conditions-generales-de-vente\/\"> <span class=\"screen-reader-text\">Conditions G\u00e9n\u00e9rales de Vente<\/span> Lire la suite\u00a0\u00bb<\/a><\/p>\n","protected":false},"author":2,"featured_media":0,"parent":0,"menu_order":0,"comment_status":"closed","ping_status":"closed","template":"","meta":{"site-sidebar-layout":"no-sidebar","site-content-layout":"page-builder","ast-global-header-display":"","ast-main-header-display":"","ast-hfb-above-header-display":"","ast-hfb-below-header-display":"","ast-hfb-mobile-header-display":"","site-post-title":"disabled","ast-breadcrumbs-content":"","ast-featured-img":"disabled","footer-sml-layout":"","theme-transparent-header-meta":"","adv-header-id-meta":"","stick-header-meta":"","header-above-stick-meta":"","header-main-stick-meta":"","header-below-stick-meta":"","footnotes":""},"class_list":["post-1535","page","type-page","status-publish","hentry"],"jetpack_sharing_enabled":true,"_links":{"self":[{"href":"https:\/\/iliriafragrance.com\/index.php\/wp-json\/wp\/v2\/pages\/1535","targetHints":{"allow":["GET"]}}],"collection":[{"href":"https:\/\/iliriafragrance.com\/index.php\/wp-json\/wp\/v2\/pages"}],"about":[{"href":"https:\/\/iliriafragrance.com\/index.php\/wp-json\/wp\/v2\/types\/page"}],"author":[{"embeddable":true,"href":"https:\/\/iliriafragrance.com\/index.php\/wp-json\/wp\/v2\/users\/2"}],"replies":[{"embeddable":true,"href":"https:\/\/iliriafragrance.com\/index.php\/wp-json\/wp\/v2\/comments?post=1535"}],"version-history":[{"count":4,"href":"https:\/\/iliriafragrance.com\/index.php\/wp-json\/wp\/v2\/pages\/1535\/revisions"}],"predecessor-version":[{"id":1539,"href":"https:\/\/iliriafragrance.com\/index.php\/wp-json\/wp\/v2\/pages\/1535\/revisions\/1539"}],"wp:attachment":[{"href":"https:\/\/iliriafragrance.com\/index.php\/wp-json\/wp\/v2\/media?parent=1535"}],"curies":[{"name":"wp","href":"https:\/\/api.w.org\/{rel}","templated":true}]}}